{"id":391,"date":"2021-12-02T14:07:27","date_gmt":"2021-12-02T13:07:27","guid":{"rendered":"http:\/\/www.elvela.cz\/domains\/elvela.cz\/?page_id=391"},"modified":"2021-12-02T21:04:15","modified_gmt":"2021-12-02T20:04:15","slug":"dalsi-sluzby","status":"publish","type":"page","link":"http:\/\/www.elvela.cz\/domains\/elvela.cz\/dalsi-sluzby\/","title":{"rendered":"Dal\u0161\u00ed slu\u017eby"},"content":{"rendered":"\n<h2 class=\"wp-block-heading\">Revize<\/h2>\n\n\n\n<ul class=\"wp-block-list\"><li>Pravideln\u00e9, v\u00fdchoz\u00ed a mimo\u0159\u00e1dn\u00e9 revize elektrick\u00fdch za\u0159\u00edzen\u00ed do 1000 V podle \u010cSN 33 1500 zm\u011bna Z4 a \u010cSN 33 2000-6 ed.2<\/li><li>Revize a kontroly elektrick\u00fdch spot\u0159ebi\u010d\u016f b\u011bhem pou\u017e\u00edv\u00e1n\u00ed \u010cSN 33 1600 ed.2<\/li><li>Pravideln\u00e9 a v\u00fdchoz\u00ed revize hromosvod\u016f<\/li><li>Pravideln\u00e9 a v\u00fdchoz\u00ed revize elektronick\u00fdch zabezpe\u010dovac\u00edch syst\u00e9m\u016f<\/li><li>Pravideln\u00e9 a v\u00fdchoz\u00ed revize elektronick\u00fdch protipo\u017e\u00e1rn\u00edch syst\u00e9m\u016f<\/li><li>Pravideln\u00e9 a v\u00fdchoz\u00ed revize kamerov\u00fdch syst\u00e9m\u016f<\/li><\/ul>\n","protected":false},"excerpt":{"rendered":"<p>Revize Pravideln\u00e9, v\u00fdchoz\u00ed a mimo\u0159\u00e1dn\u00e9 revize elektrick\u00fdch za\u0159\u00edzen\u00ed do 1000 V podle \u010cSN 33 1500 zm\u011bna Z4 a \u010cSN 33 2000-6 ed.2 Revize a kontroly &hellip; <\/p>\n","protected":false},"author":2,"featured_media":0,"parent":0,"menu_order":0,"comment_status":"closed","ping_status":"closed","template":"","meta":{"footnotes":""},"class_list":["post-391","page","type-page","status-publish","hentry","latest_post"],"_links":{"self":[{"href":"http:\/\/www.elvela.cz\/domains\/elvela.cz\/wp-json\/wp\/v2\/pages\/391","targetHints":{"allow":["GET"]}}],"collection":[{"href":"http:\/\/www.elvela.cz\/domains\/elvela.cz\/wp-json\/wp\/v2\/pages"}],"about":[{"href":"http:\/\/www.elvela.cz\/domains\/elvela.cz\/wp-json\/wp\/v2\/types\/page"}],"author":[{"embeddable":true,"href":"http:\/\/www.elvela.cz\/domains\/elvela.cz\/wp-json\/wp\/v2\/users\/2"}],"replies":[{"embeddable":true,"href":"http:\/\/www.elvela.cz\/domains\/elvela.cz\/wp-json\/wp\/v2\/comments?post=391"}],"version-history":[{"count":2,"href":"http:\/\/www.elvela.cz\/domains\/elvela.cz\/wp-json\/wp\/v2\/pages\/391\/revisions"}],"predecessor-version":[{"id":563,"href":"http:\/\/www.elvela.cz\/domains\/elvela.cz\/wp-json\/wp\/v2\/pages\/391\/revisions\/563"}],"wp:attachment":[{"href":"http:\/\/www.elvela.cz\/domains\/elvela.cz\/wp-json\/wp\/v2\/media?parent=391"}],"curies":[{"name":"wp","href":"https:\/\/api.w.org\/{rel}","templated":true}]}}